{"id":6,"date":"2021-03-31T21:04:13","date_gmt":"2021-03-31T21:04:13","guid":{"rendered":"https:\/\/www.volic-haustechnik.ch\/?page_id=6"},"modified":"2021-04-10T22:38:06","modified_gmt":"2021-04-10T22:38:06","slug":"home","status":"publish","type":"page","link":"https:\/\/www.volic-haustechnik.ch\/","title":{"rendered":"Home"},"content":{"rendered":"\n<p>Wir bieten Ihnen Dienstleistungen in folgenden Bereichen an:<\/p>\n\n\n\n<h2 class=\"wp-block-heading\">Sanit\u00e4r<\/h2>\n\n\n\n<ul class=\"wp-block-list\"><li>Beratung, Planung und Ausf\u00fchrung von Sanierungen, Bad- und K\u00fcchenumbauten sowie Neubauten<\/li><li>Rohrsanierungen<\/li><li>Service &amp; Reparatur<\/li><li>Entkalkung von Wassererw\u00e4rmern (Boiler)<\/li><li>Enth\u00e4rtungsanlagen<\/li><\/ul>\n\n\n\n<h2 class=\"wp-block-heading\">Heizung<\/h2>\n\n\n\n<ul class=\"wp-block-list\"><li>Beratung, Planung und Ausf\u00fchrung von W\u00e4rmepumpen, Gas- und \u00d6lheizungen<\/li><li>Kesselsanierungen<\/li><li>Fussbodenheizungen<\/li><li>Service &amp; Reparatur<\/li><\/ul>\n\n\n\n<div class=\"drop\">\n<img decoding=\"async\" class=\"drop-image\" src=\"\/wp-content\/uploads\/2021\/04\/Tropfen-riesig.png\" \/>\n<\/div>\n\n\n\n<p><\/p>\n","protected":false},"excerpt":{"rendered":"<p>Wir bieten Ihnen Dienstleistungen in folgenden Bereichen an: Sanit\u00e4r Beratung, Planung und Ausf\u00fchrung von Sanierungen, Bad- und K\u00fcchenumbauten sowie Neubauten Rohrsanierungen Service &amp; Reparatur Entkalkung von Wassererw\u00e4rmern (Boiler) Enth\u00e4rtungsanlagen Heizung Beratung, Planung und Ausf\u00fchrung von W\u00e4rmepumpen, Gas- und \u00d6lheizungen Kesselsanierungen Fussbodenheizungen Service &amp; Reparatur<\/p>\n","protected":false},"author":4,"featured_media":0,"parent":0,"menu_order":0,"comment_status":"closed","ping_status":"closed","template":"template-homepage.php","meta":{"footnotes":""},"class_list":["post-6","page","type-page","status-publish","hentry"],"_links":{"self":[{"href":"https:\/\/www.volic-haustechnik.ch\/index.php?rest_route=\/wp\/v2\/pages\/6","targetHints":{"allow":["GET"]}}],"collection":[{"href":"https:\/\/www.volic-haustechnik.ch\/index.php?rest_route=\/wp\/v2\/pages"}],"about":[{"href":"https:\/\/www.volic-haustechnik.ch\/index.php?rest_route=\/wp\/v2\/types\/page"}],"author":[{"embeddable":true,"href":"https:\/\/www.volic-haustechnik.ch\/index.php?rest_route=\/wp\/v2\/users\/4"}],"replies":[{"embeddable":true,"href":"https:\/\/www.volic-haustechnik.ch\/index.php?rest_route=%2Fwp%2Fv2%2Fcomments&post=6"}],"version-history":[{"count":6,"href":"https:\/\/www.volic-haustechnik.ch\/index.php?rest_route=\/wp\/v2\/pages\/6\/revisions"}],"predecessor-version":[{"id":98,"href":"https:\/\/www.volic-haustechnik.ch\/index.php?rest_route=\/wp\/v2\/pages\/6\/revisions\/98"}],"wp:attachment":[{"href":"https:\/\/www.volic-haustechnik.ch\/index.php?rest_route=%2Fwp%2Fv2%2Fmedia&parent=6"}],"curies":[{"name":"wp","href":"https:\/\/api.w.org\/{rel}","templated":true}]}}